{"id":3,"date":"2024-11-04T22:25:03","date_gmt":"2024-11-04T22:25:03","guid":{"rendered":"https:\/\/industrialscartaris.com.mx\/?page_id=3"},"modified":"2024-12-20T21:10:25","modified_gmt":"2024-12-20T21:10:25","slug":"privacy-policy","status":"publish","type":"page","link":"https:\/\/scartaris.com.mx\/index.php\/privacy-policy\/","title":{"rendered":"Aviso de privacidad"},"content":{"rendered":"\t\t<div data-elementor-type=\"wp-page\" data-elementor-id=\"3\" class=\"elementor elementor-3\" data-elementor-post-type=\"page\">\n\t\t\t\t<div class=\"elementor-element elementor-element-6fc74960 e-flex e-con-boxed e-con e-parent\" data-id=\"6fc74960\" data-element_type=\"container\">\n\t\t\t\t\t<div class=\"e-con-inner\">\n\t\t\t\t<div class=\"elementor-element elementor-element-4df3c0c1 elementor-widget elementor-widget-text-editor\" data-id=\"4df3c0c1\" data-element_type=\"widget\" data-widget_type=\"text-editor.default\">\n\t\t\t\t<div class=\"elementor-widget-container\">\n\t\t\t\t\t\t\t\t\t\n<p class=\"p1\"><i>AVISO DE PRIVACIDAD<\/i><\/p>\n<p class=\"p1\"><i>La protecci\u00f3n de sus datos personales es muy importante para esta KOPRIMO S.A. DE<\/i><\/p>\n<p class=\"p1\"><i>C.V. raz\u00f3n por la cual hemos elaborado, este AVISO DE PRIVACIDAD.<\/i><\/p>\n<p class=\"p1\"><i>\u00bfQU\u00c9 DATOS PERSONALES RECABAMOS DE USTED?<\/i><\/p>\n<p class=\"p1\"><i>\u2022 Nombre de la empresa ya sea persona f\u00edsica o moral, direcci\u00f3n fiscal y de entregas,<\/i><\/p>\n<p class=\"p1\"><i>tel\u00e9fono.<\/i><\/p>\n<p class=\"p1\"><i>\u2022 RFC.<\/i><\/p>\n<p class=\"p1\"><i>\u2022 CURP.<\/i><\/p>\n<p class=\"p1\"><i>\u2022 Nombre del contacto, correo electr\u00f3nico y n\u00famero telef\u00f3nico.<\/i><\/p>\n<p class=\"p1\"><i>\u2022 Giro, servicios, n\u00famero de empleados.<\/i><\/p>\n<p class=\"p1\"><i>\u00bfPARA QU\u00c9 USAMOS SUS DATOS PERSONALES?<\/i><\/p>\n<p class=\"p1\"><i>KOPRIMO, SA DE CV recaba y usa sus datos personales para las siguientes finalidades:<\/i><\/p>\n<p class=\"p1\"><i>\u2022 Para datos de facturaci\u00f3n.<\/i><\/p>\n<p class=\"p1\"><i>\u2022 Conocer mejor su empresa.<\/i><\/p>\n<p class=\"p1\"><i>\u2022 Entender y atender sus necesidades.<\/i><\/p>\n<p class=\"p1\"><i>\u2022 Cumplir con sus expectativas.<\/i><\/p>\n<p class=\"p1\"><i>\u2022 Enviar promociones de nuestros productos y servicios.<\/i><\/p>\n<p class=\"p1\"><i>\u00bfCON QUI\u00c9N COMPARTIMOS SU INFORMACI\u00d3N Y PARA QU\u00c9 FINES?<\/i><\/p>\n<p class=\"p1\"><i>Sus datos personales s\u00f3lo son tratados por el personal adscrito a KOPRIMO S.A. DE C.V.a<\/i><\/p>\n<p class=\"p1\"><i>efecto de elaborar sus facturas \u00f3 dar a conocer avisos, sus datos personales no se<\/i><\/p>\n<p class=\"p1\"><i>transfieren a ning\u00fan tercero ajeno a nosotros.<\/i><\/p>\n<p class=\"p1\"><i>\u00bfC\u00d3MO PUEDE LIMITAR EL USO O DIVULGACI\u00d3N DE SU INFORMACI\u00d3N PERSONAL?<\/i><\/p>\n<p class=\"p1\"><i>Usted puede limitar el uso y divulgaci\u00f3n de su informaci\u00f3n personal a trav\u00e9s de los<\/i><\/p>\n<p class=\"p1\"><i>siguientes medios que hemos instrumentado:<\/i><\/p>\n<p class=\"p1\"><i>\u2022 Enviando correo electr\u00f3nico a la siguiente direcci\u00f3n: contacto@koprimo.com.mx.<\/i><\/p>\n<p class=\"p1\"><i>\u2022 Llamando al n\u00famero telef\u00f3nico:(55) 5687 5007.<\/i><\/p>\n<p class=\"p1\"><i>\u00bfC\u00d3MO ACCEDER, RECTIFICAR, CANCELAR U OPONERSE AL TRATAMIENTO DE SUS DATOS<\/i><\/p>\n<p class=\"p1\"><i>PERSONALES?<\/i><\/p>\n<p class=\"p1\"><i>El ejercicio de los derechos de acceso, rectificaci\u00f3n, cancelaci\u00f3n y oposici\u00f3n o la<\/i><\/p>\n<p class=\"p1\"><i>revocaci\u00f3n del consentimiento, podr\u00e1n efectuarse presentado solicitud por escrito en<\/i><\/p>\n<p class=\"p1\"><i>nuestro correo electr\u00f3nico a contacto@koprimo.com.mx o llamando al n\u00famero (55) 5687<\/i><\/p>\n<p class=\"p1\"><i>5007.<\/i><\/p>\n<p class=\"p1\"><i>\u00bfC\u00d3MO CONOCER LOS CAMBIOS AL PRESENTE AVISO DE PRIVACIDAD?<\/i><\/p>\n<p class=\"p1\"><i>El presente aviso de privacidad puede sufrir modificaciones, cambios o actualizaciones<\/i><\/p>\n<p class=\"p1\"><i>por lo cual nos comprometemos a mantenerlo informado de tal situaci\u00f3n a trav\u00e9s de<\/i><\/p>\n<p class=\"p1\"><i>alguno de los siguientes medios:<\/i><\/p>\n<p class=\"p1\"><i>\u2022 Nuestra p\u00e1gina de Internet:www.koprimo.com.mx<\/i><\/p>\n<p class=\"p1\"><i>\u2022 Notificaci\u00f3n a su correo electr\u00f3nico.<\/i><\/p>\n<p class=\"p1\"><i>\u2022 En la primera comunicaci\u00f3n que tengamos con usted despu\u00e9s del cambio.<\/i><\/p>\n<p class=\"p1\"><i>\u00bfC\u00d3MO CONTACTARNOS? Si usted tiene alguna duda sobre el presente aviso de<\/i><\/p>\n<p class=\"p1\"><i>privacidad, puede dirigirla a:<\/i><\/p>\n<p class=\"p1\"><i>\u2022 La direcci\u00f3n electr\u00f3nica contacto@koprimo.com.mx.<\/i><\/p>\n<p class=\"p1\"><i>\u2022 Al tel\u00e9fono (55) 5687 5007.<\/i><\/p>\n<p class=\"p1\"><i>\u2022 Asimismo, ponemos a su disposici\u00f3n el presente Aviso de Privacidad en nuestra p\u00e1gina<\/i><\/p>\n<p class=\"p1\"><i>de Internet: www.koprimo.com.mx., al final de la p\u00e1gina de inicio<\/i><\/p>\n\t\t\t\t\t\t\t\t<\/div>\n\t\t\t\t<\/div>\n\t\t\t\t\t<\/div>\n\t\t\t\t<\/div>\n\t\t\t\t<\/div>\n\t\t","protected":false},"excerpt":{"rendered":"<p>AVISO DE PRIVACIDAD La protecci\u00f3n de sus datos personales es muy importante para esta KOPRIMO S.A. DE C.V. raz\u00f3n por la cual hemos elaborado, este AVISO DE PRIVACIDAD. \u00bfQU\u00c9 DATOS PERSONALES RECABAMOS DE USTED? \u2022 Nombre de la empresa ya sea persona f\u00edsica o moral, direcci\u00f3n fiscal y de entregas, tel\u00e9fono. \u2022 RFC. \u2022 CURP&#8230;.<\/p>\n","protected":false},"author":6,"featured_media":0,"parent":0,"menu_order":0,"comment_status":"closed","ping_status":"closed","template":"","meta":{"_kad_post_transparent":"","_kad_post_title":"","_kad_post_layout":"","_kad_post_sidebar_id":"","_kad_post_content_style":"","_kad_post_vertical_padding":"","_kad_post_feature":"","_kad_post_feature_position":"","_kad_post_header":false,"_kad_post_footer":false,"footnotes":""},"class_list":["post-3","page","type-page","status-publish","hentry"],"yoast_head":"<!-- This site is optimized with the Yoast SEO plugin v23.7 - https:\/\/yoast.com\/wordpress\/plugins\/seo\/ -->\n<title>Aviso de privacidad - Scartaris<\/title>\n<meta name=\"robots\" content=\"index, follow, max-snippet:-1, max-image-preview:large, max-video-preview:-1\" \/>\n<link rel=\"canonical\" href=\"https:\/\/scartaris.com.mx\/index.php\/privacy-policy\/\" \/>\n<meta property=\"og:locale\" content=\"es_MX\" \/>\n<meta property=\"og:type\" content=\"article\" \/>\n<meta property=\"og:title\" content=\"Aviso de privacidad - Scartaris\" \/>\n<meta property=\"og:description\" content=\"AVISO DE PRIVACIDAD La protecci\u00f3n de sus datos personales es muy importante para esta KOPRIMO S.A. DE C.V. raz\u00f3n por la cual hemos elaborado, este AVISO DE PRIVACIDAD. \u00bfQU\u00c9 DATOS PERSONALES RECABAMOS DE USTED? \u2022 Nombre de la empresa ya sea persona f\u00edsica o moral, direcci\u00f3n fiscal y de entregas, tel\u00e9fono. \u2022 RFC. \u2022 CURP....\" \/>\n<meta property=\"og:url\" content=\"https:\/\/scartaris.com.mx\/index.php\/privacy-policy\/\" \/>\n<meta property=\"og:site_name\" content=\"Scartaris\" \/>\n<meta property=\"article:modified_time\" content=\"2024-12-20T21:10:25+00:00\" \/>\n<meta name=\"twitter:card\" content=\"summary_large_image\" \/>\n<meta name=\"twitter:label1\" content=\"Tiempo de lectura\" \/>\n\t<meta name=\"twitter:data1\" content=\"2 minutos\" \/>\n<script type=\"application\/ld+json\" class=\"yoast-schema-graph\">{\"@context\":\"https:\/\/schema.org\",\"@graph\":[{\"@type\":\"WebPage\",\"@id\":\"https:\/\/scartaris.com.mx\/index.php\/privacy-policy\/\",\"url\":\"https:\/\/scartaris.com.mx\/index.php\/privacy-policy\/\",\"name\":\"Aviso de privacidad - Scartaris\",\"isPartOf\":{\"@id\":\"https:\/\/scartaris.com.mx\/#website\"},\"datePublished\":\"2024-11-04T22:25:03+00:00\",\"dateModified\":\"2024-12-20T21:10:25+00:00\",\"breadcrumb\":{\"@id\":\"https:\/\/scartaris.com.mx\/index.php\/privacy-policy\/#breadcrumb\"},\"inLanguage\":\"es\",\"potentialAction\":[{\"@type\":\"ReadAction\",\"target\":[\"https:\/\/scartaris.com.mx\/index.php\/privacy-policy\/\"]}]},{\"@type\":\"BreadcrumbList\",\"@id\":\"https:\/\/scartaris.com.mx\/index.php\/privacy-policy\/#breadcrumb\",\"itemListElement\":[{\"@type\":\"ListItem\",\"position\":1,\"name\":\"Home\",\"item\":\"https:\/\/scartaris.com.mx\/\"},{\"@type\":\"ListItem\",\"position\":2,\"name\":\"Aviso de privacidad\"}]},{\"@type\":\"WebSite\",\"@id\":\"https:\/\/scartaris.com.mx\/#website\",\"url\":\"https:\/\/scartaris.com.mx\/\",\"name\":\"Scartaris\",\"description\":\"\u00a9 2024 SCARTARIS, Creado por KOPRIMO\",\"publisher\":{\"@id\":\"https:\/\/scartaris.com.mx\/#organization\"},\"potentialAction\":[{\"@type\":\"SearchAction\",\"target\":{\"@type\":\"EntryPoint\",\"urlTemplate\":\"https:\/\/scartaris.com.mx\/?s={search_term_string}\"},\"query-input\":{\"@type\":\"PropertyValueSpecification\",\"valueRequired\":true,\"valueName\":\"search_term_string\"}}],\"inLanguage\":\"es\"},{\"@type\":\"Organization\",\"@id\":\"https:\/\/scartaris.com.mx\/#organization\",\"name\":\"Scartaris\",\"url\":\"https:\/\/scartaris.com.mx\/\",\"logo\":{\"@type\":\"ImageObject\",\"inLanguage\":\"es\",\"@id\":\"https:\/\/scartaris.com.mx\/#\/schema\/logo\/image\/\",\"url\":\"https:\/\/scartaris.com.mx\/wp-content\/uploads\/2024\/11\/Logotipo-Scartaris-1.png\",\"contentUrl\":\"https:\/\/scartaris.com.mx\/wp-content\/uploads\/2024\/11\/Logotipo-Scartaris-1.png\",\"width\":886,\"height\":221,\"caption\":\"Scartaris\"},\"image\":{\"@id\":\"https:\/\/scartaris.com.mx\/#\/schema\/logo\/image\/\"}}]}<\/script>\n<!-- \/ Yoast SEO plugin. -->","yoast_head_json":{"title":"Aviso de privacidad - Scartaris","robots":{"index":"index","follow":"follow","max-snippet":"max-snippet:-1","max-image-preview":"max-image-preview:large","max-video-preview":"max-video-preview:-1"},"canonical":"https:\/\/scartaris.com.mx\/index.php\/privacy-policy\/","og_locale":"es_MX","og_type":"article","og_title":"Aviso de privacidad - Scartaris","og_description":"AVISO DE PRIVACIDAD La protecci\u00f3n de sus datos personales es muy importante para esta KOPRIMO S.A. DE C.V. raz\u00f3n por la cual hemos elaborado, este AVISO DE PRIVACIDAD. \u00bfQU\u00c9 DATOS PERSONALES RECABAMOS DE USTED? \u2022 Nombre de la empresa ya sea persona f\u00edsica o moral, direcci\u00f3n fiscal y de entregas, tel\u00e9fono. \u2022 RFC. \u2022 CURP....","og_url":"https:\/\/scartaris.com.mx\/index.php\/privacy-policy\/","og_site_name":"Scartaris","article_modified_time":"2024-12-20T21:10:25+00:00","twitter_card":"summary_large_image","twitter_misc":{"Tiempo de lectura":"2 minutos"},"schema":{"@context":"https:\/\/schema.org","@graph":[{"@type":"WebPage","@id":"https:\/\/scartaris.com.mx\/index.php\/privacy-policy\/","url":"https:\/\/scartaris.com.mx\/index.php\/privacy-policy\/","name":"Aviso de privacidad - Scartaris","isPartOf":{"@id":"https:\/\/scartaris.com.mx\/#website"},"datePublished":"2024-11-04T22:25:03+00:00","dateModified":"2024-12-20T21:10:25+00:00","breadcrumb":{"@id":"https:\/\/scartaris.com.mx\/index.php\/privacy-policy\/#breadcrumb"},"inLanguage":"es","potentialAction":[{"@type":"ReadAction","target":["https:\/\/scartaris.com.mx\/index.php\/privacy-policy\/"]}]},{"@type":"BreadcrumbList","@id":"https:\/\/scartaris.com.mx\/index.php\/privacy-policy\/#breadcrumb","itemListElement":[{"@type":"ListItem","position":1,"name":"Home","item":"https:\/\/scartaris.com.mx\/"},{"@type":"ListItem","position":2,"name":"Aviso de privacidad"}]},{"@type":"WebSite","@id":"https:\/\/scartaris.com.mx\/#website","url":"https:\/\/scartaris.com.mx\/","name":"Scartaris","description":"\u00a9 2024 SCARTARIS, Creado por KOPRIMO","publisher":{"@id":"https:\/\/scartaris.com.mx\/#organization"},"potentialAction":[{"@type":"SearchAction","target":{"@type":"EntryPoint","urlTemplate":"https:\/\/scartaris.com.mx\/?s={search_term_string}"},"query-input":{"@type":"PropertyValueSpecification","valueRequired":true,"valueName":"search_term_string"}}],"inLanguage":"es"},{"@type":"Organization","@id":"https:\/\/scartaris.com.mx\/#organization","name":"Scartaris","url":"https:\/\/scartaris.com.mx\/","logo":{"@type":"ImageObject","inLanguage":"es","@id":"https:\/\/scartaris.com.mx\/#\/schema\/logo\/image\/","url":"https:\/\/scartaris.com.mx\/wp-content\/uploads\/2024\/11\/Logotipo-Scartaris-1.png","contentUrl":"https:\/\/scartaris.com.mx\/wp-content\/uploads\/2024\/11\/Logotipo-Scartaris-1.png","width":886,"height":221,"caption":"Scartaris"},"image":{"@id":"https:\/\/scartaris.com.mx\/#\/schema\/logo\/image\/"}}]}},"_links":{"self":[{"href":"https:\/\/scartaris.com.mx\/index.php\/wp-json\/wp\/v2\/pages\/3"}],"collection":[{"href":"https:\/\/scartaris.com.mx\/index.php\/wp-json\/wp\/v2\/pages"}],"about":[{"href":"https:\/\/scartaris.com.mx\/index.php\/wp-json\/wp\/v2\/types\/page"}],"author":[{"embeddable":true,"href":"https:\/\/scartaris.com.mx\/index.php\/wp-json\/wp\/v2\/users\/6"}],"replies":[{"embeddable":true,"href":"https:\/\/scartaris.com.mx\/index.php\/wp-json\/wp\/v2\/comments?post=3"}],"version-history":[{"count":5,"href":"https:\/\/scartaris.com.mx\/index.php\/wp-json\/wp\/v2\/pages\/3\/revisions"}],"predecessor-version":[{"id":297,"href":"https:\/\/scartaris.com.mx\/index.php\/wp-json\/wp\/v2\/pages\/3\/revisions\/297"}],"wp:attachment":[{"href":"https:\/\/scartaris.com.mx\/index.php\/wp-json\/wp\/v2\/media?parent=3"}],"curies":[{"name":"wp","href":"https:\/\/api.w.org\/{rel}","templated":true}]}}